{"id":431,"date":"2019-07-24T11:11:28","date_gmt":"2019-07-24T09:11:28","guid":{"rendered":"http:\/\/victoriaclubabano.it\/dati-societari\/"},"modified":"2026-05-11T09:01:40","modified_gmt":"2026-05-11T07:01:40","slug":"donnees-societaires","status":"publish","type":"page","link":"https:\/\/grandaldosclub.it\/fr\/donnees-societaires\/","title":{"rendered":"Donn\u00e9es soci\u00e9taires"},"content":{"rendered":"<div class=\"wpb-content-wrapper\"><p>[vc_row][vc_column][vc_column_text css=\u00a0\u00bb\u00a0\u00bb]<strong>G.B. THERM\u00c6 HOTELS s.r.l.<\/strong><\/p>\n<p>T\u00e9l. portable : <a href=\"tel:+393408602584\">+39 340 8602584<\/a><\/p>\n<p><a href=\"mailto:info@grandaldosclub.it\">info@grandaldosclub.it<br \/>\n<\/a><\/p>\n<p>Via Valerio Flacco, 1, 35031 Abano Terme (PD), Italie<\/p>\n<p>Code fiscal \u2013 Num\u00e9ro de TVA et inscription au Registre des Entreprises de Padoue n\u00b0 00220810287[\/vc_column_text][\/vc_column][\/vc_row]<\/p>\n<\/div>","protected":false},"excerpt":{"rendered":"<p>[vc_row][vc_column][vc_column_text css=\u00a0\u00bb\u00a0\u00bb]G.B. THERM\u00c6 HOTELS s.r.l. T\u00e9l. portable : +39 340 8602584 info@grandaldosclub.it Via Valerio Flacco, 1, 35031 Abano Terme (PD), Italie Code fiscal \u2013 Num\u00e9ro de<span class=\"excerpt-hellip\"> [\u2026]<\/span><\/p>\n","protected":false},"author":2,"featured_media":2390,"parent":0,"menu_order":0,"comment_status":"closed","ping_status":"open","template":"","meta":{"_acf_changed":false,"footnotes":""},"class_list":["post-431","page","type-page","status-publish","has-post-thumbnail","hentry"],"acf":[],"yoast_head":"<!-- This site is optimized with the Yoast SEO plugin v27.5 - https:\/\/yoast.com\/product\/yoast-seo-wordpress\/ -->\n<title>Donn\u00e9es soci\u00e9taires - Victoria Club<\/title>\n<meta name=\"description\" content=\"Donn\u00e9es soci\u00e9taires Victoria Club di Abano Terme (PD)\" \/>\n<meta name=\"robots\" content=\"noindex, follow, max-snippet:-1, max-image-preview:large, max-video-preview:-1\" \/>\n<meta property=\"og:locale\" content=\"fr_FR\" \/>\n<meta property=\"og:type\" content=\"article\" \/>\n<meta property=\"og:title\" content=\"Donn\u00e9es soci\u00e9taires - Victoria Club\" \/>\n<meta property=\"og:description\" content=\"Donn\u00e9es soci\u00e9taires Victoria Club di Abano Terme (PD)\" \/>\n<meta property=\"og:url\" content=\"https:\/\/grandaldosclub.it\/fr\/donnees-societaires\/\" \/>\n<meta property=\"og:site_name\" content=\"Victoria Club\" \/>\n<meta property=\"article:modified_time\" content=\"2026-05-11T07:01:40+00:00\" \/>\n<meta name=\"twitter:card\" content=\"summary_large_image\" \/>\n<meta name=\"twitter:label1\" content=\"Dur\u00e9e de lecture estim\u00e9e\" \/>\n\t<meta name=\"twitter:data1\" content=\"1 minute\" \/>\n<script type=\"application\/ld+json\" class=\"yoast-schema-graph\">{\"@context\":\"https:\\\/\\\/schema.org\",\"@graph\":[{\"@type\":\"WebPage\",\"@id\":\"https:\\\/\\\/grandaldosclub.it\\\/fr\\\/donnees-societaires\\\/\",\"url\":\"https:\\\/\\\/grandaldosclub.it\\\/fr\\\/donnees-societaires\\\/\",\"name\":\"Donn\u00e9es soci\u00e9taires - Victoria Club\",\"isPartOf\":{\"@id\":\"https:\\\/\\\/grandaldosclub.it\\\/fr\\\/#website\"},\"primaryImageOfPage\":{\"@id\":\"https:\\\/\\\/grandaldosclub.it\\\/fr\\\/donnees-societaires\\\/#primaryimage\"},\"image\":{\"@id\":\"https:\\\/\\\/grandaldosclub.it\\\/fr\\\/donnees-societaires\\\/#primaryimage\"},\"thumbnailUrl\":\"https:\\\/\\\/grandaldosclub.it\\\/wp-content\\\/uploads\\\/2026\\\/04\\\/GRAND-ALDOS-CLUB-2.webp\",\"datePublished\":\"2019-07-24T09:11:28+00:00\",\"dateModified\":\"2026-05-11T07:01:40+00:00\",\"description\":\"Donn\u00e9es soci\u00e9taires Victoria Club di Abano Terme (PD)\",\"breadcrumb\":{\"@id\":\"https:\\\/\\\/grandaldosclub.it\\\/fr\\\/donnees-societaires\\\/#breadcrumb\"},\"inLanguage\":\"fr-FR\",\"potentialAction\":[{\"@type\":\"ReadAction\",\"target\":[\"https:\\\/\\\/grandaldosclub.it\\\/fr\\\/donnees-societaires\\\/\"]}]},{\"@type\":\"ImageObject\",\"inLanguage\":\"fr-FR\",\"@id\":\"https:\\\/\\\/grandaldosclub.it\\\/fr\\\/donnees-societaires\\\/#primaryimage\",\"url\":\"https:\\\/\\\/grandaldosclub.it\\\/wp-content\\\/uploads\\\/2026\\\/04\\\/GRAND-ALDOS-CLUB-2.webp\",\"contentUrl\":\"https:\\\/\\\/grandaldosclub.it\\\/wp-content\\\/uploads\\\/2026\\\/04\\\/GRAND-ALDOS-CLUB-2.webp\",\"width\":1600,\"height\":900},{\"@type\":\"BreadcrumbList\",\"@id\":\"https:\\\/\\\/grandaldosclub.it\\\/fr\\\/donnees-societaires\\\/#breadcrumb\",\"itemListElement\":[{\"@type\":\"ListItem\",\"position\":1,\"name\":\"Home\",\"item\":\"https:\\\/\\\/grandaldosclub.it\\\/fr\\\/\"},{\"@type\":\"ListItem\",\"position\":2,\"name\":\"Donn\u00e9es soci\u00e9taires\"}]},{\"@type\":\"WebSite\",\"@id\":\"https:\\\/\\\/grandaldosclub.it\\\/fr\\\/#website\",\"url\":\"https:\\\/\\\/grandaldosclub.it\\\/fr\\\/\",\"name\":\"Victoria Club\",\"description\":\"Abano Terme (PD)\",\"publisher\":{\"@id\":\"https:\\\/\\\/grandaldosclub.it\\\/fr\\\/#organization\"},\"potentialAction\":[{\"@type\":\"SearchAction\",\"target\":{\"@type\":\"EntryPoint\",\"urlTemplate\":\"https:\\\/\\\/grandaldosclub.it\\\/fr\\\/?s={search_term_string}\"},\"query-input\":{\"@type\":\"PropertyValueSpecification\",\"valueRequired\":true,\"valueName\":\"search_term_string\"}}],\"inLanguage\":\"fr-FR\"},{\"@type\":\"Organization\",\"@id\":\"https:\\\/\\\/grandaldosclub.it\\\/fr\\\/#organization\",\"name\":\"Victoria Club\",\"url\":\"https:\\\/\\\/grandaldosclub.it\\\/fr\\\/\",\"logo\":{\"@type\":\"ImageObject\",\"inLanguage\":\"fr-FR\",\"@id\":\"https:\\\/\\\/grandaldosclub.it\\\/fr\\\/#\\\/schema\\\/logo\\\/image\\\/\",\"url\":\"https:\\\/\\\/grandaldosclub.it\\\/wp-content\\\/uploads\\\/2026\\\/04\\\/cropped-Grand-Aldos-Club_logo-oro-bianco-1.png\",\"contentUrl\":\"https:\\\/\\\/grandaldosclub.it\\\/wp-content\\\/uploads\\\/2026\\\/04\\\/cropped-Grand-Aldos-Club_logo-oro-bianco-1.png\",\"width\":629,\"height\":596,\"caption\":\"Victoria Club\"},\"image\":{\"@id\":\"https:\\\/\\\/grandaldosclub.it\\\/fr\\\/#\\\/schema\\\/logo\\\/image\\\/\"}}]}<\/script>\n<!-- \/ Yoast SEO plugin. -->","yoast_head_json":{"title":"Donn\u00e9es soci\u00e9taires - Victoria Club","description":"Donn\u00e9es soci\u00e9taires Victoria Club di Abano Terme (PD)","robots":{"index":"noindex","follow":"follow","max-snippet":"max-snippet:-1","max-image-preview":"max-image-preview:large","max-video-preview":"max-video-preview:-1"},"og_locale":"fr_FR","og_type":"article","og_title":"Donn\u00e9es soci\u00e9taires - Victoria Club","og_description":"Donn\u00e9es soci\u00e9taires Victoria Club di Abano Terme (PD)","og_url":"https:\/\/grandaldosclub.it\/fr\/donnees-societaires\/","og_site_name":"Victoria Club","article_modified_time":"2026-05-11T07:01:40+00:00","twitter_card":"summary_large_image","twitter_misc":{"Dur\u00e9e de lecture estim\u00e9e":"1 minute"},"schema":{"@context":"https:\/\/schema.org","@graph":[{"@type":"WebPage","@id":"https:\/\/grandaldosclub.it\/fr\/donnees-societaires\/","url":"https:\/\/grandaldosclub.it\/fr\/donnees-societaires\/","name":"Donn\u00e9es soci\u00e9taires - Victoria Club","isPartOf":{"@id":"https:\/\/grandaldosclub.it\/fr\/#website"},"primaryImageOfPage":{"@id":"https:\/\/grandaldosclub.it\/fr\/donnees-societaires\/#primaryimage"},"image":{"@id":"https:\/\/grandaldosclub.it\/fr\/donnees-societaires\/#primaryimage"},"thumbnailUrl":"https:\/\/grandaldosclub.it\/wp-content\/uploads\/2026\/04\/GRAND-ALDOS-CLUB-2.webp","datePublished":"2019-07-24T09:11:28+00:00","dateModified":"2026-05-11T07:01:40+00:00","description":"Donn\u00e9es soci\u00e9taires Victoria Club di Abano Terme (PD)","breadcrumb":{"@id":"https:\/\/grandaldosclub.it\/fr\/donnees-societaires\/#breadcrumb"},"inLanguage":"fr-FR","potentialAction":[{"@type":"ReadAction","target":["https:\/\/grandaldosclub.it\/fr\/donnees-societaires\/"]}]},{"@type":"ImageObject","inLanguage":"fr-FR","@id":"https:\/\/grandaldosclub.it\/fr\/donnees-societaires\/#primaryimage","url":"https:\/\/grandaldosclub.it\/wp-content\/uploads\/2026\/04\/GRAND-ALDOS-CLUB-2.webp","contentUrl":"https:\/\/grandaldosclub.it\/wp-content\/uploads\/2026\/04\/GRAND-ALDOS-CLUB-2.webp","width":1600,"height":900},{"@type":"BreadcrumbList","@id":"https:\/\/grandaldosclub.it\/fr\/donnees-societaires\/#breadcrumb","itemListElement":[{"@type":"ListItem","position":1,"name":"Home","item":"https:\/\/grandaldosclub.it\/fr\/"},{"@type":"ListItem","position":2,"name":"Donn\u00e9es soci\u00e9taires"}]},{"@type":"WebSite","@id":"https:\/\/grandaldosclub.it\/fr\/#website","url":"https:\/\/grandaldosclub.it\/fr\/","name":"Victoria Club","description":"Abano Terme (PD)","publisher":{"@id":"https:\/\/grandaldosclub.it\/fr\/#organization"},"potentialAction":[{"@type":"SearchAction","target":{"@type":"EntryPoint","urlTemplate":"https:\/\/grandaldosclub.it\/fr\/?s={search_term_string}"},"query-input":{"@type":"PropertyValueSpecification","valueRequired":true,"valueName":"search_term_string"}}],"inLanguage":"fr-FR"},{"@type":"Organization","@id":"https:\/\/grandaldosclub.it\/fr\/#organization","name":"Victoria Club","url":"https:\/\/grandaldosclub.it\/fr\/","logo":{"@type":"ImageObject","inLanguage":"fr-FR","@id":"https:\/\/grandaldosclub.it\/fr\/#\/schema\/logo\/image\/","url":"https:\/\/grandaldosclub.it\/wp-content\/uploads\/2026\/04\/cropped-Grand-Aldos-Club_logo-oro-bianco-1.png","contentUrl":"https:\/\/grandaldosclub.it\/wp-content\/uploads\/2026\/04\/cropped-Grand-Aldos-Club_logo-oro-bianco-1.png","width":629,"height":596,"caption":"Victoria Club"},"image":{"@id":"https:\/\/grandaldosclub.it\/fr\/#\/schema\/logo\/image\/"}}]}},"_links":{"self":[{"href":"https:\/\/grandaldosclub.it\/fr\/wp-json\/wp\/v2\/pages\/431","targetHints":{"allow":["GET"]}}],"collection":[{"href":"https:\/\/grandaldosclub.it\/fr\/wp-json\/wp\/v2\/pages"}],"about":[{"href":"https:\/\/grandaldosclub.it\/fr\/wp-json\/wp\/v2\/types\/page"}],"author":[{"embeddable":true,"href":"https:\/\/grandaldosclub.it\/fr\/wp-json\/wp\/v2\/users\/2"}],"replies":[{"embeddable":true,"href":"https:\/\/grandaldosclub.it\/fr\/wp-json\/wp\/v2\/comments?post=431"}],"version-history":[{"count":2,"href":"https:\/\/grandaldosclub.it\/fr\/wp-json\/wp\/v2\/pages\/431\/revisions"}],"predecessor-version":[{"id":2494,"href":"https:\/\/grandaldosclub.it\/fr\/wp-json\/wp\/v2\/pages\/431\/revisions\/2494"}],"wp:featuredmedia":[{"embeddable":true,"href":"https:\/\/grandaldosclub.it\/fr\/wp-json\/wp\/v2\/media\/2390"}],"wp:attachment":[{"href":"https:\/\/grandaldosclub.it\/fr\/wp-json\/wp\/v2\/media?parent=431"}],"curies":[{"name":"wp","href":"https:\/\/api.w.org\/{rel}","templated":true}]}}